{"id":999,"date":"2020-03-19T16:23:06","date_gmt":"2020-03-19T15:23:06","guid":{"rendered":"http:\/\/temporarylibrary.teks.no\/?page_id=999"},"modified":"2020-03-19T18:51:08","modified_gmt":"2020-03-19T17:51:08","slug":"first-edition","status":"publish","type":"page","link":"http:\/\/mediakunstbibliotek.no\/index.php\/first-edition\/","title":{"rendered":"First Edition \/ Meta.Morf 2018"},"content":{"rendered":"\n<h4 class=\"wp-block-heading\"><strong>THE FIRST EDITION<\/strong><\/h4>\n\n\n\n<p>The first edition of the The Norwegian Media Art Library (under the title The Temporary Library of Norwegian Media Art) was produced and launched for the 5th Trondheim International Biennale for Art and Technology \u2013 Meta.Morf and it consisted of 103 printed publications, released between 1992 and 2018. The first edition was curated by Alessandro Ludovico (concept author of the \u201cTemporary Library\u201d), Stahl Stenslie (NO), and Zane Cerpina (NO\/LV).<\/p>\n\n\n\n<p><strong>THE TEMPORARY LIBRARY CONCEPT<\/strong><br>The project was initially created as a \u201cTemporary Library\u201d \u2013 an initiative by Alessandro Ludovico. Each edition has a particular focus, such as The Temporary Library for Transmediale, 2017 (Berlin, Germany), The Temporary Library of Latin American Media Art for ISEA, 2017 (Manizales, Colombia) and The Temporary Library of Portuguese Media Art for xCoAx, 2017 (Lisbon, Portugal).<\/p>\n\n\n\n<p><strong>ADDITIONAL CONTRIBUTORS<\/strong><br>During Meta.Morf 2018, The Norwegian Media Art Library was accompanied by The Temporary Laboratory \u2013 an exhibition and event series in collaboration with MFA Students of Trondheim Academy of Fine Art \/ NTNU, coordinated by Michelle Teran (CA). Contributors included: Anaclara Talento Acosta, Letizia Balzi, Katherine Butcher, Mika Haykowsky, \u00c1lvaro Hortal Mu\u00f1oz, Lisa Paland, Martin Gr\u00f8ndalen Palmer, Kasper Holm, Pablo Sarabia Fraile.<\/p>\n\n\n<p><!--StartFragment--><\/p>\n\n\n<h4 class=\"wp-block-heading\"><strong>INITIAL CURATORS <\/strong><\/h4>\n\n\n\n<p><strong>Alessandro Ludovico (IT)<\/strong><br>:is a researcher, artist and chief editor of Neural magazine since 1993. He received his Ph.D. degree in English and Media from Anglia Ruskin University in Cambridge (UK). He is Associate Professor at the Winchester School of Art, University of Southampton. He has published and edited several books, and has lectured worldwide. He also served as an advisor for the Documenta 12\u2019s Magazine Project. He is one of the authors of the award-winning Hacking Monopolism trilogy of artworks (Google Will Eat Itself, Amazon Noir, Face to Facebook). He has developed the Temporary Library concept, co-creating temporary libraries on media art in Berlin, Manizales and Lisbon.<br>neural.it<br><br><strong>Zane Cerpina (NO\/LV)<\/strong><br>:is Oslo based artist, curator, organizer and publisher working within experimental new media and electronic arts. Zane currently works as project manager and curator at TEKS (Trondheim Electronic Arts Centre), editor and manager at EE: Experimental Emerging Art. From 2015 &#8211; 2020 she also workes as  creative manager and editor at PNEK (Production Network for Electronic Art, Norway). Her writing and editorial work include the ongoing publication series: The PNEK FILES (2015- ) and editorial work of the upcoming Book of Electronic Arts Norway. She has also written for Neural Magazine. <br>Zane is internationally active as a lecturer and presenter at venues such as: Kontejner (Croatia 2019), ISEA (International Symposium of Electronic Arts (Vancouver 2015, Hong Kong 2016, Manizales 2017), V2_ (the Netherlands, 2016), STRAND (Serbia 2016), LABVERDE (Brazil 2017), UK, Croatia, Lithuania, Latvia, Norway, etc.<br>bezane.net<br><br><strong>Stahl Stenslie (NO)<\/strong><br>:works as an artist, curator and researcher specializing in experimental media art, interactive experiences and disruptive technologies. His artworks challenge ordinary ways of perceiving the world. Through his practice, he asks the questions we tend to avoid \u2013 or where the answers lie in the shadows of existence. Keywords of his practice are somaesthetics, unstable media, transgression and the numinous. The technological focus in his works is on the art of the recently possible \u2013 such as i) panhaptic communication on Smartphones, ii) somatic and immersive soundspaces, and iii) open source, disruptive design for disruptive technologies. His PhD is on Touch and Technologies from The School of Architecture and Design, Oslo, Norway. Currently he works as the Head of Research and Development Department at Kulturtanken &#8211; Arts for Young Audiences Norway. He is editor of the upcoming publication Electronic Art in Norway (2018).<br>stenslie.net<\/p>\n\n\n\n<p><strong>TEKS<\/strong><br>TEKS \u2013 Trondheim Electronic Arts Centre \u2013 is a non-profit organisation founded in Trondheim in 2002. The organisation is a resource and competence centre that aims to produce and convey techno related art projects within all art disciplines.<br>TEKS initiates and organises artistic productions and projects, works with promotion and education through courses and workshops, and acts as organiser or co-organiser of various techno related cultural initiatives.<br>TEKS is the founder and organiser of Meta. Morf, the Trondheim international biennale for art &amp; technology.<br>TEKS is funded by the Arts Council Norway and the Trondheim Municipality. <br>TEKS is a member of PNEK \u2013 Production Network for Electronic Arts Norway.<br>teks.no<\/p>\n\n\n<p><!--EndFragment--><\/p>\n\n\n<figure class=\"wp-block-gallery columns-3 is-cropped wp-block-gallery-1 is-layout-flex wp-block-gallery-is-layout-flex\"><ul class=\"blocks-gallery-grid\"><li class=\"blocks-gallery-item\"><figure><img loading=\"lazy\" decoding=\"async\" width=\"1024\" height=\"683\" src=\"http:\/\/temporarylibrary.teks.no\/wp-content\/uploads\/2019\/06\/Temporay_laboratory_0142-2-1024x683.jpg\" alt=\"\" data-id=\"759\" data-full-url=\"http:\/\/temporarylibrary.teks.no\/wp-content\/uploads\/2019\/06\/Temporay_laboratory_0142-2.jpg\" data-link=\"http:\/\/temporarylibrary.teks.no\/index.php\/about\/temporay_laboratory_0142-2\/\" class=\"wp-image-759\" srcset=\"http:\/\/mediakunstbibliotek.no\/wp-content\/uploads\/2019\/06\/Temporay_laboratory_0142-2-1024x683.jpg 1024w, http:\/\/mediakunstbibliotek.no\/wp-content\/uploads\/2019\/06\/Temporay_laboratory_0142-2-300x200.jpg 300w, http:\/\/mediakunstbibliotek.no\/wp-content\/uploads\/2019\/06\/Temporay_laboratory_0142-2-768x512.jpg 768w, http:\/\/mediakunstbibliotek.no\/wp-content\/uploads\/2019\/06\/Temporay_laboratory_0142-2-945x630.jpg 945w, http:\/\/mediakunstbibliotek.no\/wp-content\/uploads\/2019\/06\/Temporay_laboratory_0142-2-600x400.jpg 600w\" sizes=\"auto, (max-width: 1024px) 100vw, 1024px\" \/><\/figure><\/li><li class=\"blocks-gallery-item\"><figure><img loading=\"lazy\" decoding=\"async\" width=\"1024\" height=\"683\" src=\"http:\/\/temporarylibrary.teks.no\/wp-content\/uploads\/2019\/06\/img_3-1024x683.jpg\" alt=\"\" data-id=\"761\" data-full-url=\"http:\/\/temporarylibrary.teks.no\/wp-content\/uploads\/2019\/06\/img_3.jpg\" data-link=\"http:\/\/temporarylibrary.teks.no\/index.php\/about\/img_3\/\" class=\"wp-image-761\" srcset=\"http:\/\/mediakunstbibliotek.no\/wp-content\/uploads\/2019\/06\/img_3-1024x683.jpg 1024w, http:\/\/mediakunstbibliotek.no\/wp-content\/uploads\/2019\/06\/img_3-300x200.jpg 300w, http:\/\/mediakunstbibliotek.no\/wp-content\/uploads\/2019\/06\/img_3-768x512.jpg 768w, http:\/\/mediakunstbibliotek.no\/wp-content\/uploads\/2019\/06\/img_3-945x630.jpg 945w, http:\/\/mediakunstbibliotek.no\/wp-content\/uploads\/2019\/06\/img_3-600x400.jpg 600w\" sizes=\"auto, (max-width: 1024px) 100vw, 1024px\" \/><\/figure><\/li><li class=\"blocks-gallery-item\"><figure><img loading=\"lazy\" decoding=\"async\" width=\"1024\" height=\"683\" src=\"http:\/\/temporarylibrary.teks.no\/wp-content\/uploads\/2019\/06\/Temporay_laboratory_0177-1024x683.jpg\" alt=\"\" data-id=\"763\" data-full-url=\"http:\/\/temporarylibrary.teks.no\/wp-content\/uploads\/2019\/06\/Temporay_laboratory_0177.jpg\" data-link=\"http:\/\/temporarylibrary.teks.no\/index.php\/about\/temporay_laboratory_0177\/\" class=\"wp-image-763\" srcset=\"http:\/\/mediakunstbibliotek.no\/wp-content\/uploads\/2019\/06\/Temporay_laboratory_0177-1024x683.jpg 1024w, http:\/\/mediakunstbibliotek.no\/wp-content\/uploads\/2019\/06\/Temporay_laboratory_0177-300x200.jpg 300w, http:\/\/mediakunstbibliotek.no\/wp-content\/uploads\/2019\/06\/Temporay_laboratory_0177-768x512.jpg 768w, http:\/\/mediakunstbibliotek.no\/wp-content\/uploads\/2019\/06\/Temporay_laboratory_0177-945x630.jpg 945w, http:\/\/mediakunstbibliotek.no\/wp-content\/uploads\/2019\/06\/Temporay_laboratory_0177-600x400.jpg 600w\" sizes=\"auto, (max-width: 1024px) 100vw, 1024px\" \/><\/figure><\/li><li class=\"blocks-gallery-item\"><figure><img loading=\"lazy\" decoding=\"async\" width=\"1024\" height=\"683\" src=\"http:\/\/temporarylibrary.teks.no\/wp-content\/uploads\/2019\/06\/img-1024x683.jpg\" alt=\"\" data-id=\"762\" data-full-url=\"http:\/\/temporarylibrary.teks.no\/wp-content\/uploads\/2019\/06\/img.jpg\" data-link=\"http:\/\/temporarylibrary.teks.no\/index.php\/about\/img-2\/\" class=\"wp-image-762\" srcset=\"http:\/\/mediakunstbibliotek.no\/wp-content\/uploads\/2019\/06\/img-1024x683.jpg 1024w, http:\/\/mediakunstbibliotek.no\/wp-content\/uploads\/2019\/06\/img-300x200.jpg 300w, http:\/\/mediakunstbibliotek.no\/wp-content\/uploads\/2019\/06\/img-768x512.jpg 768w, http:\/\/mediakunstbibliotek.no\/wp-content\/uploads\/2019\/06\/img-945x630.jpg 945w, http:\/\/mediakunstbibliotek.no\/wp-content\/uploads\/2019\/06\/img-600x400.jpg 600w\" sizes=\"auto, (max-width: 1024px) 100vw, 1024px\" \/><\/figure><\/li><li class=\"blocks-gallery-item\"><figure><img loading=\"lazy\" decoding=\"async\" width=\"1024\" height=\"683\" src=\"http:\/\/temporarylibrary.teks.no\/wp-content\/uploads\/2019\/06\/Temporay_laboratory_0119-1024x683.jpg\" alt=\"\" data-id=\"765\" data-full-url=\"http:\/\/temporarylibrary.teks.no\/wp-content\/uploads\/2019\/06\/Temporay_laboratory_0119.jpg\" data-link=\"http:\/\/temporarylibrary.teks.no\/index.php\/about\/temporay_laboratory_0119\/\" class=\"wp-image-765\" srcset=\"http:\/\/mediakunstbibliotek.no\/wp-content\/uploads\/2019\/06\/Temporay_laboratory_0119-1024x683.jpg 1024w, http:\/\/mediakunstbibliotek.no\/wp-content\/uploads\/2019\/06\/Temporay_laboratory_0119-300x200.jpg 300w, http:\/\/mediakunstbibliotek.no\/wp-content\/uploads\/2019\/06\/Temporay_laboratory_0119-768x512.jpg 768w, http:\/\/mediakunstbibliotek.no\/wp-content\/uploads\/2019\/06\/Temporay_laboratory_0119-945x630.jpg 945w, http:\/\/mediakunstbibliotek.no\/wp-content\/uploads\/2019\/06\/Temporay_laboratory_0119-600x400.jpg 600w\" sizes=\"auto, (max-width: 1024px) 100vw, 1024px\" \/><\/figure><\/li><li class=\"blocks-gallery-item\"><figure><img loading=\"lazy\" decoding=\"async\" width=\"1024\" height=\"683\" src=\"http:\/\/temporarylibrary.teks.no\/wp-content\/uploads\/2019\/06\/Temporay_laboratory_0135-1024x683.jpg\" alt=\"\" data-id=\"764\" data-full-url=\"http:\/\/temporarylibrary.teks.no\/wp-content\/uploads\/2019\/06\/Temporay_laboratory_0135.jpg\" data-link=\"http:\/\/temporarylibrary.teks.no\/index.php\/about\/temporay_laboratory_0135\/\" class=\"wp-image-764\" srcset=\"http:\/\/mediakunstbibliotek.no\/wp-content\/uploads\/2019\/06\/Temporay_laboratory_0135-1024x683.jpg 1024w, http:\/\/mediakunstbibliotek.no\/wp-content\/uploads\/2019\/06\/Temporay_laboratory_0135-300x200.jpg 300w, http:\/\/mediakunstbibliotek.no\/wp-content\/uploads\/2019\/06\/Temporay_laboratory_0135-768x512.jpg 768w, http:\/\/mediakunstbibliotek.no\/wp-content\/uploads\/2019\/06\/Temporay_laboratory_0135-945x630.jpg 945w, http:\/\/mediakunstbibliotek.no\/wp-content\/uploads\/2019\/06\/Temporay_laboratory_0135-600x400.jpg 600w\" sizes=\"auto, (max-width: 1024px) 100vw, 1024px\" \/><\/figure><\/li><li class=\"blocks-gallery-item\"><figure><img loading=\"lazy\" decoding=\"async\" width=\"1024\" height=\"683\" src=\"http:\/\/temporarylibrary.teks.no\/wp-content\/uploads\/2019\/06\/Temporay_laboratory_0112-1024x683.jpg\" alt=\"\" data-id=\"760\" data-full-url=\"http:\/\/temporarylibrary.teks.no\/wp-content\/uploads\/2019\/06\/Temporay_laboratory_0112.jpg\" data-link=\"http:\/\/temporarylibrary.teks.no\/index.php\/about\/temporay_laboratory_0112\/\" class=\"wp-image-760\" srcset=\"http:\/\/mediakunstbibliotek.no\/wp-content\/uploads\/2019\/06\/Temporay_laboratory_0112-1024x683.jpg 1024w, http:\/\/mediakunstbibliotek.no\/wp-content\/uploads\/2019\/06\/Temporay_laboratory_0112-300x200.jpg 300w, http:\/\/mediakunstbibliotek.no\/wp-content\/uploads\/2019\/06\/Temporay_laboratory_0112-768x512.jpg 768w, http:\/\/mediakunstbibliotek.no\/wp-content\/uploads\/2019\/06\/Temporay_laboratory_0112-945x630.jpg 945w, http:\/\/mediakunstbibliotek.no\/wp-content\/uploads\/2019\/06\/Temporay_laboratory_0112-600x400.jpg 600w\" sizes=\"auto, (max-width: 1024px) 100vw, 1024px\" \/><\/figure><\/li><\/ul><\/figure>\n","protected":false},"excerpt":{"rendered":"<p>THE FIRST EDITION The first edition of the The Norwegian Media Art Library (under the title The Temporary Library of Norwegian Media Art) was produced and launched for the 5th Trondheim International Biennale for Art and Technology \u2013 Meta.Morf and&#8230; <a class=\"more-link\" href=\"http:\/\/mediakunstbibliotek.no\/index.php\/first-edition\/\">Continue Reading &rarr;<\/a><\/p>\n","protected":false},"author":2,"featured_media":0,"parent":0,"menu_order":0,"comment_status":"closed","ping_status":"closed","template":"","meta":{"_acf_changed":false,"footnotes":""},"class_list":["post-999","page","type-page","status-publish","hentry"],"acf":[],"_links":{"self":[{"href":"http:\/\/mediakunstbibliotek.no\/index.php\/wp-json\/wp\/v2\/pages\/999","targetHints":{"allow":["GET"]}}],"collection":[{"href":"http:\/\/mediakunstbibliotek.no\/index.php\/wp-json\/wp\/v2\/pages"}],"about":[{"href":"http:\/\/mediakunstbibliotek.no\/index.php\/wp-json\/wp\/v2\/types\/page"}],"author":[{"embeddable":true,"href":"http:\/\/mediakunstbibliotek.no\/index.php\/wp-json\/wp\/v2\/users\/2"}],"replies":[{"embeddable":true,"href":"http:\/\/mediakunstbibliotek.no\/index.php\/wp-json\/wp\/v2\/comments?post=999"}],"version-history":[{"count":6,"href":"http:\/\/mediakunstbibliotek.no\/index.php\/wp-json\/wp\/v2\/pages\/999\/revisions"}],"predecessor-version":[{"id":1026,"href":"http:\/\/mediakunstbibliotek.no\/index.php\/wp-json\/wp\/v2\/pages\/999\/revisions\/1026"}],"wp:attachment":[{"href":"http:\/\/mediakunstbibliotek.no\/index.php\/wp-json\/wp\/v2\/media?parent=999"}],"curies":[{"name":"wp","href":"https:\/\/api.w.org\/{rel}","templated":true}]}}